{"id":9,"date":"2024-09-23T10:30:13","date_gmt":"2024-09-23T08:30:13","guid":{"rendered":"https:\/\/www.mt-tapes.eu\/?page_id=9"},"modified":"2025-11-13T13:00:40","modified_gmt":"2025-11-13T12:00:40","slug":"informace","status":"publish","type":"page","link":"https:\/\/www.mt-tapes.eu\/en\/informace\/","title":{"rendered":"Information"},"content":{"rendered":"<div data-elementor-type=\"wp-page\" data-elementor-id=\"9\" class=\"elementor elementor-9\">\n\t\t\t\t        <section class=\"elementor-section elementor-top-section elementor-element elementor-element-453d61a elementor-section-boxed elementor-section-height-default elementor-section-height-default pxl-type-header-none pxl-row-scroll-none pxl-bg-color-none pxl-section-overlay-none\" data-id=\"453d61a\" data-element_type=\"section\">\n\n                \n                <div class=\"elementor-container elementor-column-gap-default\">\n                <div class=\"elementor-column elementor-col-100 elementor-top-column elementor-element elementor-element-ff001fc pxl-col-none pxl-column-none\" data-id=\"ff001fc\" data-element_type=\"column\">\r\n        <div class=\"elementor-widget-wrap elementor-element-populated\">\r\n                     \r\n        \t\t<div class=\"elementor-element elementor-element-30b6b26 elementor-widget elementor-widget-heading\" data-id=\"30b6b26\" data-element_type=\"widget\" data-widget_type=\"heading.default\">\n\t\t\t\t<div class=\"elementor-widget-container\">\n\t\t\t<div id=\"pxl-heading-30b6b26-6258\" class=\"pxl-heading typewriter-color\">\n\t<div class=\"pxl-heading--inner\">\n\t\t\n\t\t\t\t\t<h3 class=\"pxl-item--title  highlight-default\" data-wow-delay=\"ms\">\n\t\t\t\tCertifik\u00e1ty\t\t\n\t\t\t<\/h3>\n\t\t\n\t\t\t<\/div>\n<\/div>\t\t<\/div>\n\t\t\t\t<\/div>\n\t\t            <\/div>\r\n        <\/div>\r\n        \t\t\t<\/div>\n\t\t<\/section>\n\t\t        <section class=\"elementor-section elementor-top-section elementor-element elementor-element-9507b0c elementor-section-boxed elementor-section-height-default elementor-section-height-default pxl-type-header-none pxl-row-scroll-none pxl-bg-color-none pxl-section-overlay-none\" data-id=\"9507b0c\" data-element_type=\"section\">\n\n                \n                <div class=\"elementor-container elementor-column-gap-default\">\n                <div class=\"elementor-column elementor-col-25 elementor-top-column elementor-element elementor-element-501d41e pxl-col-none pxl-column-none\" data-id=\"501d41e\" data-element_type=\"column\">\r\n        <div class=\"elementor-widget-wrap elementor-element-populated\">\r\n                     \r\n        \t\t<div class=\"elementor-element elementor-element-a8bcdde elementor-widget elementor-widget-heading\" data-id=\"a8bcdde\" data-element_type=\"widget\" data-widget_type=\"heading.default\">\n\t\t\t\t<div class=\"elementor-widget-container\">\n\t\t\t<div id=\"pxl-heading-a8bcdde-6008\" class=\"pxl-heading typewriter-color\">\n\t<div class=\"pxl-heading--inner\">\n\t\t\n\t\t\t\t\t<h3 class=\"pxl-item--title  highlight-default\" data-wow-delay=\"ms\">\n\t\t\t\tISO 9001 2028 CZ\t\t\n\t\t\t<\/h3>\n\t\t\n\t\t\t<\/div>\n<\/div>\t\t<\/div>\n\t\t\t\t<\/div>\n\t\t\t\t<div class=\"elementor-element elementor-element-cea6d63 elementor-widget elementor-widget-image\" data-id=\"cea6d63\" data-element_type=\"widget\" data-widget_type=\"image.default\">\n\t\t\t\t<div class=\"elementor-widget-container\">\n\t\t\t\t\t\t\t\t\t\t\t\t\t\t<a href=\"https:\/\/www.mt-tapes.eu\/wp-content\/uploads\/2025\/11\/ISO-9001-CZ.pdf\">\n\t\t\t\t\t\t\t<img fetchpriority=\"high\" decoding=\"async\" width=\"742\" height=\"1024\" src=\"https:\/\/www.mt-tapes.eu\/wp-content\/uploads\/2025\/11\/ISO-9001-CZ-742x1024.jpg\" class=\"attachment-large size-large wp-image-280\" alt=\"\" srcset=\"https:\/\/www.mt-tapes.eu\/wp-content\/uploads\/2025\/11\/ISO-9001-CZ-742x1024.jpg 742w, https:\/\/www.mt-tapes.eu\/wp-content\/uploads\/2025\/11\/ISO-9001-CZ-217x300.jpg 217w, https:\/\/www.mt-tapes.eu\/wp-content\/uploads\/2025\/11\/ISO-9001-CZ-768x1060.jpg 768w, https:\/\/www.mt-tapes.eu\/wp-content\/uploads\/2025\/11\/ISO-9001-CZ-1113x1536.jpg 1113w, https:\/\/www.mt-tapes.eu\/wp-content\/uploads\/2025\/11\/ISO-9001-CZ-9x12.jpg 9w, https:\/\/www.mt-tapes.eu\/wp-content\/uploads\/2025\/11\/ISO-9001-CZ-514x710.jpg 514w, https:\/\/www.mt-tapes.eu\/wp-content\/uploads\/2025\/11\/ISO-9001-CZ.jpg 1265w\" sizes=\"(max-width: 742px) 100vw, 742px\" \/>\t\t\t\t\t\t\t\t<\/a>\n\t\t\t\t\t\t\t\t\t\t\t\t\t<\/div>\n\t\t\t\t<\/div>\n\t\t            <\/div>\r\n        <\/div>\r\n                <div class=\"elementor-column elementor-col-25 elementor-top-column elementor-element elementor-element-543ad0e pxl-col-none pxl-column-none\" data-id=\"543ad0e\" data-element_type=\"column\">\r\n        <div class=\"elementor-widget-wrap elementor-element-populated\">\r\n                     \r\n        \t\t<div class=\"elementor-element elementor-element-be399f9 elementor-widget elementor-widget-heading\" data-id=\"be399f9\" data-element_type=\"widget\" data-widget_type=\"heading.default\">\n\t\t\t\t<div class=\"elementor-widget-container\">\n\t\t\t<div id=\"pxl-heading-be399f9-8865\" class=\"pxl-heading typewriter-color\">\n\t<div class=\"pxl-heading--inner\">\n\t\t\n\t\t\t\t\t<h3 class=\"pxl-item--title  highlight-default\" data-wow-delay=\"ms\">\n\t\t\t\tISO 14001 2028 CZ\t\t\n\t\t\t<\/h3>\n\t\t\n\t\t\t<\/div>\n<\/div>\t\t<\/div>\n\t\t\t\t<\/div>\n\t\t\t\t<div class=\"elementor-element elementor-element-d205d8c elementor-widget elementor-widget-image\" data-id=\"d205d8c\" data-element_type=\"widget\" data-widget_type=\"image.default\">\n\t\t\t\t<div class=\"elementor-widget-container\">\n\t\t\t\t\t\t\t\t\t\t\t\t\t\t<a href=\"https:\/\/www.mt-tapes.eu\/wp-content\/uploads\/2025\/11\/ISO-14001-CZ.pdf\">\n\t\t\t\t\t\t\t<img decoding=\"async\" width=\"742\" height=\"1024\" src=\"https:\/\/www.mt-tapes.eu\/wp-content\/uploads\/2025\/11\/ISO-14001-CZ-742x1024.jpg\" class=\"attachment-large size-large wp-image-282\" alt=\"\" srcset=\"https:\/\/www.mt-tapes.eu\/wp-content\/uploads\/2025\/11\/ISO-14001-CZ-742x1024.jpg 742w, https:\/\/www.mt-tapes.eu\/wp-content\/uploads\/2025\/11\/ISO-14001-CZ-217x300.jpg 217w, https:\/\/www.mt-tapes.eu\/wp-content\/uploads\/2025\/11\/ISO-14001-CZ-768x1060.jpg 768w, https:\/\/www.mt-tapes.eu\/wp-content\/uploads\/2025\/11\/ISO-14001-CZ-1113x1536.jpg 1113w, https:\/\/www.mt-tapes.eu\/wp-content\/uploads\/2025\/11\/ISO-14001-CZ-9x12.jpg 9w, https:\/\/www.mt-tapes.eu\/wp-content\/uploads\/2025\/11\/ISO-14001-CZ-514x710.jpg 514w, https:\/\/www.mt-tapes.eu\/wp-content\/uploads\/2025\/11\/ISO-14001-CZ.jpg 1265w\" sizes=\"(max-width: 742px) 100vw, 742px\" \/>\t\t\t\t\t\t\t\t<\/a>\n\t\t\t\t\t\t\t\t\t\t\t\t\t<\/div>\n\t\t\t\t<\/div>\n\t\t            <\/div>\r\n        <\/div>\r\n                <div class=\"elementor-column elementor-col-25 elementor-top-column elementor-element elementor-element-fec1a30 pxl-col-none pxl-column-none\" data-id=\"fec1a30\" data-element_type=\"column\">\r\n        <div class=\"elementor-widget-wrap elementor-element-populated\">\r\n                     \r\n        \t\t<div class=\"elementor-element elementor-element-4fd5392 elementor-widget elementor-widget-heading\" data-id=\"4fd5392\" data-element_type=\"widget\" data-widget_type=\"heading.default\">\n\t\t\t\t<div class=\"elementor-widget-container\">\n\t\t\t<div id=\"pxl-heading-4fd5392-1808\" class=\"pxl-heading typewriter-color\">\n\t<div class=\"pxl-heading--inner\">\n\t\t\n\t\t\t\t\t<h3 class=\"pxl-item--title  highlight-default\" data-wow-delay=\"ms\">\n\t\t\t\tISO 9001 2028 ENG\t\t\n\t\t\t<\/h3>\n\t\t\n\t\t\t<\/div>\n<\/div>\t\t<\/div>\n\t\t\t\t<\/div>\n\t\t\t\t<div class=\"elementor-element elementor-element-974e855 elementor-widget elementor-widget-image\" data-id=\"974e855\" data-element_type=\"widget\" data-widget_type=\"image.default\">\n\t\t\t\t<div class=\"elementor-widget-container\">\n\t\t\t\t\t\t\t\t\t\t\t\t\t\t<a href=\"https:\/\/www.mt-tapes.eu\/wp-content\/uploads\/2025\/11\/ISO-9001-EN.pdf\">\n\t\t\t\t\t\t\t<img decoding=\"async\" width=\"742\" height=\"1024\" src=\"https:\/\/www.mt-tapes.eu\/wp-content\/uploads\/2025\/11\/ISO-9001-EN-742x1024.jpg\" class=\"attachment-large size-large wp-image-281\" alt=\"\" srcset=\"https:\/\/www.mt-tapes.eu\/wp-content\/uploads\/2025\/11\/ISO-9001-EN-742x1024.jpg 742w, https:\/\/www.mt-tapes.eu\/wp-content\/uploads\/2025\/11\/ISO-9001-EN-217x300.jpg 217w, https:\/\/www.mt-tapes.eu\/wp-content\/uploads\/2025\/11\/ISO-9001-EN-768x1060.jpg 768w, https:\/\/www.mt-tapes.eu\/wp-content\/uploads\/2025\/11\/ISO-9001-EN-1113x1536.jpg 1113w, https:\/\/www.mt-tapes.eu\/wp-content\/uploads\/2025\/11\/ISO-9001-EN-9x12.jpg 9w, https:\/\/www.mt-tapes.eu\/wp-content\/uploads\/2025\/11\/ISO-9001-EN-514x710.jpg 514w, https:\/\/www.mt-tapes.eu\/wp-content\/uploads\/2025\/11\/ISO-9001-EN.jpg 1265w\" sizes=\"(max-width: 742px) 100vw, 742px\" \/>\t\t\t\t\t\t\t\t<\/a>\n\t\t\t\t\t\t\t\t\t\t\t\t\t<\/div>\n\t\t\t\t<\/div>\n\t\t            <\/div>\r\n        <\/div>\r\n                <div class=\"elementor-column elementor-col-25 elementor-top-column elementor-element elementor-element-1a8678b pxl-col-none pxl-column-none\" data-id=\"1a8678b\" data-element_type=\"column\">\r\n        <div class=\"elementor-widget-wrap elementor-element-populated\">\r\n                     \r\n        \t\t<div class=\"elementor-element elementor-element-8304c50 elementor-widget elementor-widget-heading\" data-id=\"8304c50\" data-element_type=\"widget\" data-widget_type=\"heading.default\">\n\t\t\t\t<div class=\"elementor-widget-container\">\n\t\t\t<div id=\"pxl-heading-8304c50-8102\" class=\"pxl-heading typewriter-color\">\n\t<div class=\"pxl-heading--inner\">\n\t\t\n\t\t\t\t\t<h3 class=\"pxl-item--title  highlight-default\" data-wow-delay=\"ms\">\n\t\t\t\tISO 14001 2028 ENG\t\t\n\t\t\t<\/h3>\n\t\t\n\t\t\t<\/div>\n<\/div>\t\t<\/div>\n\t\t\t\t<\/div>\n\t\t\t\t<div class=\"elementor-element elementor-element-93b0986 elementor-widget elementor-widget-image\" data-id=\"93b0986\" data-element_type=\"widget\" data-widget_type=\"image.default\">\n\t\t\t\t<div class=\"elementor-widget-container\">\n\t\t\t\t\t\t\t\t\t\t\t\t\t\t<a href=\"https:\/\/www.mt-tapes.eu\/wp-content\/uploads\/2025\/11\/ISO-14001-EN.jpg\">\n\t\t\t\t\t\t\t<img loading=\"lazy\" decoding=\"async\" width=\"742\" height=\"1024\" src=\"https:\/\/www.mt-tapes.eu\/wp-content\/uploads\/2025\/11\/ISO-14001-EN-742x1024.jpg\" class=\"attachment-large size-large wp-image-283\" alt=\"\" srcset=\"https:\/\/www.mt-tapes.eu\/wp-content\/uploads\/2025\/11\/ISO-14001-EN-742x1024.jpg 742w, https:\/\/www.mt-tapes.eu\/wp-content\/uploads\/2025\/11\/ISO-14001-EN-217x300.jpg 217w, https:\/\/www.mt-tapes.eu\/wp-content\/uploads\/2025\/11\/ISO-14001-EN-768x1060.jpg 768w, https:\/\/www.mt-tapes.eu\/wp-content\/uploads\/2025\/11\/ISO-14001-EN-1113x1536.jpg 1113w, https:\/\/www.mt-tapes.eu\/wp-content\/uploads\/2025\/11\/ISO-14001-EN-9x12.jpg 9w, https:\/\/www.mt-tapes.eu\/wp-content\/uploads\/2025\/11\/ISO-14001-EN-514x710.jpg 514w, https:\/\/www.mt-tapes.eu\/wp-content\/uploads\/2025\/11\/ISO-14001-EN.jpg 1265w\" sizes=\"(max-width: 742px) 100vw, 742px\" \/>\t\t\t\t\t\t\t\t<\/a>\n\t\t\t\t\t\t\t\t\t\t\t\t\t<\/div>\n\t\t\t\t<\/div>\n\t\t            <\/div>\r\n        <\/div>\r\n        \t\t\t<\/div>\n\t\t<\/section>\n\t\t        <section class=\"elementor-section elementor-top-section elementor-element elementor-element-9d3f218 elementor-section-boxed elementor-section-height-default elementor-section-height-default pxl-type-header-none pxl-row-scroll-none pxl-bg-color-none pxl-section-overlay-none\" data-id=\"9d3f218\" data-element_type=\"section\">\n\n                \n                <div class=\"elementor-container elementor-column-gap-default\">\n                <div class=\"elementor-column elementor-col-25 elementor-top-column elementor-element elementor-element-def4c57 pxl-col-none pxl-column-none\" data-id=\"def4c57\" data-element_type=\"column\">\r\n        <div class=\"elementor-widget-wrap elementor-element-populated\">\r\n                     \r\n        \t\t<div class=\"elementor-element elementor-element-7d5e867 elementor-widget elementor-widget-heading\" data-id=\"7d5e867\" data-element_type=\"widget\" data-widget_type=\"heading.default\">\n\t\t\t\t<div class=\"elementor-widget-container\">\n\t\t\t<div id=\"pxl-heading-7d5e867-6269\" class=\"pxl-heading typewriter-color\">\n\t<div class=\"pxl-heading--inner\">\n\t\t\n\t\t\t\t\t<h3 class=\"pxl-item--title  highlight-default\" data-wow-delay=\"ms\">\n\t\t\t\tInovace produktu a v\u00fdrobn\u00edho procesu ve spole\u010dnosti MT TAPES s.r.o.\t\t\n\t\t\t<\/h3>\n\t\t\n\t\t\t<\/div>\n<\/div>\t\t<\/div>\n\t\t\t\t<\/div>\n\t\t\t\t<div class=\"elementor-element elementor-element-233c711 elementor-widget elementor-widget-image\" data-id=\"233c711\" data-element_type=\"widget\" data-widget_type=\"image.default\">\n\t\t\t\t<div class=\"elementor-widget-container\">\n\t\t\t\t\t\t\t\t\t\t\t\t\t\t<a href=\"https:\/\/www.mt-tapes.eu\/wp-content\/uploads\/2024\/09\/Inovace-produktu-a-vyrobniho-procesu-ve-spolecnosti-MT-TAPES-s.r.o.pdf\">\n\t\t\t\t\t\t\t<img loading=\"lazy\" decoding=\"async\" width=\"724\" height=\"1024\" src=\"https:\/\/www.mt-tapes.eu\/wp-content\/uploads\/2024\/09\/EU_Tapes-724x1024.jpg\" class=\"attachment-large size-large wp-image-178\" alt=\"\" srcset=\"https:\/\/www.mt-tapes.eu\/wp-content\/uploads\/2024\/09\/EU_Tapes-724x1024.jpg 724w, https:\/\/www.mt-tapes.eu\/wp-content\/uploads\/2024\/09\/EU_Tapes-212x300.jpg 212w, https:\/\/www.mt-tapes.eu\/wp-content\/uploads\/2024\/09\/EU_Tapes-768x1086.jpg 768w, https:\/\/www.mt-tapes.eu\/wp-content\/uploads\/2024\/09\/EU_Tapes-1086x1536.jpg 1086w, https:\/\/www.mt-tapes.eu\/wp-content\/uploads\/2024\/09\/EU_Tapes-502x710.jpg 502w, https:\/\/www.mt-tapes.eu\/wp-content\/uploads\/2024\/09\/EU_Tapes.jpg 1240w\" sizes=\"(max-width: 724px) 100vw, 724px\" \/>\t\t\t\t\t\t\t\t<\/a>\n\t\t\t\t\t\t\t\t\t\t\t\t\t<\/div>\n\t\t\t\t<\/div>\n\t\t            <\/div>\r\n        <\/div>\r\n                <div class=\"elementor-column elementor-col-25 elementor-top-column elementor-element elementor-element-5a3ff18 pxl-col-none pxl-column-none\" data-id=\"5a3ff18\" data-element_type=\"column\">\r\n        <div class=\"elementor-widget-wrap elementor-element-populated\">\r\n                     \r\n        \t\t<div class=\"elementor-element elementor-element-85eea2a elementor-widget elementor-widget-heading\" data-id=\"85eea2a\" data-element_type=\"widget\" data-widget_type=\"heading.default\">\n\t\t\t\t<div class=\"elementor-widget-container\">\n\t\t\t<div id=\"pxl-heading-85eea2a-2463\" class=\"pxl-heading typewriter-color\">\n\t<div class=\"pxl-heading--inner\">\n\t\t\n\t\t\t\t\t<h3 class=\"pxl-item--title  highlight-default\" data-wow-delay=\"ms\">\n\t\t\t\tInovace produktu a v\u00fdrobn\u00edho procesu ve spole\u010dnosti MT TAPES s.r.o.\t\t\n\t\t\t<\/h3>\n\t\t\n\t\t\t<\/div>\n<\/div>\t\t<\/div>\n\t\t\t\t<\/div>\n\t\t\t\t<div class=\"elementor-element elementor-element-a594682 elementor-widget elementor-widget-image\" data-id=\"a594682\" data-element_type=\"widget\" data-widget_type=\"image.default\">\n\t\t\t\t<div class=\"elementor-widget-container\">\n\t\t\t\t\t\t\t\t\t\t\t\t\t\t<a href=\"https:\/\/www.mt-tapes.eu\/wp-content\/uploads\/2024\/09\/Inovace-produktu-a-vyrobniho-procesu_deska.pdf\">\n\t\t\t\t\t\t\t<img loading=\"lazy\" decoding=\"async\" width=\"1024\" height=\"768\" src=\"https:\/\/www.mt-tapes.eu\/wp-content\/uploads\/2024\/09\/Inovace-produktu-a-vyrobniho-procesu_deska-1024x768.jpg\" class=\"attachment-large size-large wp-image-179\" alt=\"\" srcset=\"https:\/\/www.mt-tapes.eu\/wp-content\/uploads\/2024\/09\/Inovace-produktu-a-vyrobniho-procesu_deska-1024x768.jpg 1024w, https:\/\/www.mt-tapes.eu\/wp-content\/uploads\/2024\/09\/Inovace-produktu-a-vyrobniho-procesu_deska-300x225.jpg 300w, https:\/\/www.mt-tapes.eu\/wp-content\/uploads\/2024\/09\/Inovace-produktu-a-vyrobniho-procesu_deska-768x576.jpg 768w, https:\/\/www.mt-tapes.eu\/wp-content\/uploads\/2024\/09\/Inovace-produktu-a-vyrobniho-procesu_deska-1536x1152.jpg 1536w, https:\/\/www.mt-tapes.eu\/wp-content\/uploads\/2024\/09\/Inovace-produktu-a-vyrobniho-procesu_deska-2048x1536.jpg 2048w, https:\/\/www.mt-tapes.eu\/wp-content\/uploads\/2024\/09\/Inovace-produktu-a-vyrobniho-procesu_deska-946x710.jpg 946w\" sizes=\"(max-width: 1024px) 100vw, 1024px\" \/>\t\t\t\t\t\t\t\t<\/a>\n\t\t\t\t\t\t\t\t\t\t\t\t\t<\/div>\n\t\t\t\t<\/div>\n\t\t            <\/div>\r\n        <\/div>\r\n                <div class=\"elementor-column elementor-col-25 elementor-top-column elementor-element elementor-element-bc4dc99 pxl-col-none pxl-column-none\" data-id=\"bc4dc99\" data-element_type=\"column\">\r\n        <div class=\"elementor-widget-wrap elementor-element-populated\">\r\n                     \r\n        \t\t<div class=\"elementor-element elementor-element-044bd42 elementor-widget elementor-widget-heading\" data-id=\"044bd42\" data-element_type=\"widget\" data-widget_type=\"heading.default\">\n\t\t\t\t<div class=\"elementor-widget-container\">\n\t\t\t<div id=\"pxl-heading-044bd42-7238\" class=\"pxl-heading typewriter-color\">\n\t<div class=\"pxl-heading--inner\">\n\t\t\n\t\t\t\t\t<h3 class=\"pxl-item--title  highlight-default\" data-wow-delay=\"ms\">\n\t\t\t\tProjekt Instalace FVE <br>\nMT TAPES s.r.o.<br>\n\u200e \n\t\t\n\t\t\t<\/h3>\n\t\t\n\t\t\t<\/div>\n<\/div>\t\t<\/div>\n\t\t\t\t<\/div>\n\t\t\t\t<div class=\"elementor-element elementor-element-e197138 elementor-widget elementor-widget-image\" data-id=\"e197138\" data-element_type=\"widget\" data-widget_type=\"image.default\">\n\t\t\t\t<div class=\"elementor-widget-container\">\n\t\t\t\t\t\t\t\t\t\t\t\t\t\t<a href=\"https:\/\/www.mt-tapes.eu\/wp-content\/uploads\/2024\/11\/MT-Tapes-FVE.pdf\">\n\t\t\t\t\t\t\t<img loading=\"lazy\" decoding=\"async\" width=\"724\" height=\"1024\" src=\"https:\/\/www.mt-tapes.eu\/wp-content\/uploads\/2024\/11\/MT-Tapes-FVE-724x1024.jpg\" class=\"attachment-large size-large wp-image-263\" alt=\"\" srcset=\"https:\/\/www.mt-tapes.eu\/wp-content\/uploads\/2024\/11\/MT-Tapes-FVE-724x1024.jpg 724w, https:\/\/www.mt-tapes.eu\/wp-content\/uploads\/2024\/11\/MT-Tapes-FVE-212x300.jpg 212w, https:\/\/www.mt-tapes.eu\/wp-content\/uploads\/2024\/11\/MT-Tapes-FVE-768x1086.jpg 768w, https:\/\/www.mt-tapes.eu\/wp-content\/uploads\/2024\/11\/MT-Tapes-FVE-1087x1536.jpg 1087w, https:\/\/www.mt-tapes.eu\/wp-content\/uploads\/2024\/11\/MT-Tapes-FVE-1449x2048.jpg 1449w, https:\/\/www.mt-tapes.eu\/wp-content\/uploads\/2024\/11\/MT-Tapes-FVE-8x12.jpg 8w, https:\/\/www.mt-tapes.eu\/wp-content\/uploads\/2024\/11\/MT-Tapes-FVE-502x710.jpg 502w, https:\/\/www.mt-tapes.eu\/wp-content\/uploads\/2024\/11\/MT-Tapes-FVE.jpg 1755w\" sizes=\"(max-width: 724px) 100vw, 724px\" \/>\t\t\t\t\t\t\t\t<\/a>\n\t\t\t\t\t\t\t\t\t\t\t\t\t<\/div>\n\t\t\t\t<\/div>\n\t\t            <\/div>\r\n        <\/div>\r\n                <div class=\"elementor-column elementor-col-25 elementor-top-column elementor-element elementor-element-b365049 pxl-col-none pxl-column-none\" data-id=\"b365049\" data-element_type=\"column\">\r\n        <div class=\"elementor-widget-wrap\">\r\n                     \r\n                    <\/div>\r\n        <\/div>\r\n        \t\t\t<\/div>\n\t\t<\/section>\n\t\t\t\t<\/div>","protected":false},"excerpt":{"rendered":"<p>Certifik\u00e1ty ISO 9001 2028 CZ ISO 14001 2028 CZ ISO 9001 2028 ENG ISO 14001 2028 ENG Inovace produktu a v\u00fdrobn\u00edho procesu ve spole\u010dnosti MT TAPES s.r.o. Inovace produktu a v\u00fdrobn\u00edho procesu ve spole\u010dnosti MT TAPES s.r.o. Projekt Instalace FVE MT TAPES s.r.o. \u200e<\/p>","protected":false},"author":1,"featured_media":0,"parent":0,"menu_order":0,"comment_status":"closed","ping_status":"closed","template":"","meta":{"footnotes":""},"class_list":["post-9","page","type-page","status-publish","hentry"],"_links":{"self":[{"href":"https:\/\/www.mt-tapes.eu\/en\/wp-json\/wp\/v2\/pages\/9"}],"collection":[{"href":"https:\/\/www.mt-tapes.eu\/en\/wp-json\/wp\/v2\/pages"}],"about":[{"href":"https:\/\/www.mt-tapes.eu\/en\/wp-json\/wp\/v2\/types\/page"}],"author":[{"embeddable":true,"href":"https:\/\/www.mt-tapes.eu\/en\/wp-json\/wp\/v2\/users\/1"}],"replies":[{"embeddable":true,"href":"https:\/\/www.mt-tapes.eu\/en\/wp-json\/wp\/v2\/comments?post=9"}],"version-history":[{"count":16,"href":"https:\/\/www.mt-tapes.eu\/en\/wp-json\/wp\/v2\/pages\/9\/revisions"}],"predecessor-version":[{"id":286,"href":"https:\/\/www.mt-tapes.eu\/en\/wp-json\/wp\/v2\/pages\/9\/revisions\/286"}],"wp:attachment":[{"href":"https:\/\/www.mt-tapes.eu\/en\/wp-json\/wp\/v2\/media?parent=9"}],"curies":[{"name":"wp","href":"https:\/\/api.w.org\/{rel}","templated":true}]}}