{"id":5,"date":"2024-09-23T10:29:48","date_gmt":"2024-09-23T08:29:48","guid":{"rendered":"https:\/\/www.mt-tapes.eu\/?page_id=5"},"modified":"2024-09-26T07:40:30","modified_gmt":"2024-09-26T05:40:30","slug":"profil-spolecnosti","status":"publish","type":"page","link":"https:\/\/www.mt-tapes.eu\/en\/profil-spolecnosti\/","title":{"rendered":"Company profile"},"content":{"rendered":"<div data-elementor-type=\"wp-page\" data-elementor-id=\"5\" class=\"elementor elementor-5\">\n\t\t\t\t        <section class=\"elementor-section elementor-top-section elementor-element elementor-element-fc0531b elementor-section-boxed elementor-section-height-default elementor-section-height-default pxl-type-header-none pxl-row-scroll-none pxl-bg-color-none pxl-section-overlay-none\" data-id=\"fc0531b\" data-element_type=\"section\">\n\n                \n                <div class=\"elementor-container elementor-column-gap-default\">\n                <div class=\"elementor-column elementor-col-50 elementor-top-column elementor-element elementor-element-b217962 pxl-col-none pxl-column-none\" data-id=\"b217962\" data-element_type=\"column\">\r\n        <div class=\"elementor-widget-wrap elementor-element-populated\">\r\n                     \r\n        \t\t<div class=\"elementor-element elementor-element-1aadec2 elementor-widget elementor-widget-pxl_image\" data-id=\"1aadec2\" data-element_type=\"widget\" data-widget_type=\"pxl_image.default\">\n\t\t\t\t<div class=\"elementor-widget-container\">\n\t\t\t<div id=\"pxl_image-1aadec2-5708\" class=\"pxl-image-single\" data-wow-delay=\"ms\" >\r\n    \r\n                        <div class=\"pxl-item--inner\">\r\n                                            <img fetchpriority=\"high\" decoding=\"async\" width=\"2560\" height=\"1443\" src=\"https:\/\/www.mt-tapes.eu\/wp-content\/uploads\/2024\/09\/hala_new-scaled-1.jpg\" class=\"no-lazyload attachment-full\" alt=\"\" \/>                                    <\/div>\r\n                \r\n    <\/div>\t\t<\/div>\n\t\t\t\t<\/div>\n\t\t            <\/div>\r\n        <\/div>\r\n                <div class=\"elementor-column elementor-col-50 elementor-top-column elementor-element elementor-element-c571c64 pxl-col-none pxl-column-none\" data-id=\"c571c64\" data-element_type=\"column\">\r\n        <div class=\"elementor-widget-wrap elementor-element-populated\">\r\n                     \r\n        \t\t<div class=\"elementor-element elementor-element-78fd48e elementor-widget elementor-widget-logo\" data-id=\"78fd48e\" data-element_type=\"widget\" data-widget_type=\"logo.default\">\n\t\t\t\t<div class=\"elementor-widget-container\">\n\t\t\t    <div class=\"pxl-logo\" data-wow-delay=\"ms\">\r\n                    <img decoding=\"async\" width=\"746\" height=\"216\" src=\"https:\/\/www.mt-tapes.eu\/wp-content\/uploads\/2024\/09\/logo_profil_spolecnost-2.png\" class=\"attachment-full\" alt=\"\" \/>                        <\/div>\r\n\t\t<\/div>\n\t\t\t\t<\/div>\n\t\t\t\t<div class=\"elementor-element elementor-element-d9d07b3 elementor-widget elementor-widget-text_editor\" data-id=\"d9d07b3\" data-element_type=\"widget\" data-widget_type=\"text_editor.default\">\n\t\t\t\t<div class=\"elementor-widget-container\">\n\t\t\t<div class=\"pxl-text-editor\">\n\t<div class=\"pxl-item--inner\" data-wow-delay=\"ms\">\n\t\t<p>We are a specialized manufacturer of self-adhesive protective films that are used to protect surfaces during handling, storage and installation. Our production facilities are located in \u0160umperk, in the Czech Republic, where we started our own production in 2005. Since then, we have built up a strong position on the protective film market in Central and Eastern Europe. Thanks to our focus exclusively on protective films, we can offer you rich experience in this field. Our range is very wide, it includes foils with different technical parameters, from low adhesive to highly adhesive, suitable for different types of surfaces.<\/p>\t\t\n\t<\/div>\n<\/div>\t\t<\/div>\n\t\t\t\t<\/div>\n\t\t            <\/div>\r\n        <\/div>\r\n        \t\t\t<\/div>\n\t\t<\/section>\n\t\t        <section class=\"elementor-section elementor-top-section elementor-element elementor-element-8d0c387 elementor-section-boxed elementor-section-height-default elementor-section-height-default pxl-type-header-none pxl-row-scroll-none pxl-bg-color-none pxl-section-overlay-none\" data-id=\"8d0c387\" data-element_type=\"section\">\n\n                \n                <div class=\"elementor-container elementor-column-gap-default\">\n                <div class=\"elementor-column elementor-col-50 elementor-top-column elementor-element elementor-element-23e4d8d pxl-col-none pxl-column-none\" data-id=\"23e4d8d\" data-element_type=\"column\">\r\n        <div class=\"elementor-widget-wrap elementor-element-populated\">\r\n                     \r\n        \t\t<div class=\"elementor-element elementor-element-8bcb5ef elementor-widget elementor-widget-text_editor\" data-id=\"8bcb5ef\" data-element_type=\"widget\" data-widget_type=\"text_editor.default\">\n\t\t\t\t<div class=\"elementor-widget-container\">\n\t\t\t<div class=\"pxl-text-editor\">\n\t<div class=\"pxl-item--inner\" data-wow-delay=\"ms\">\n\t\t<div class=\"flex-shrink-0 flex flex-col relative items-end\"><div><div class=\"pt-0\"><div class=\"gizmo-bot-avatar flex h-8 w-8 items-center justify-center overflow-hidden rounded-full\"><div class=\"relative p-1 rounded-sm flex items-center justify-center bg-token-main-surface-primary text-token-text-primary h-8 w-8\">\u00a0<\/div><\/div><\/div><\/div><\/div><div class=\"group\/conversation-turn relative flex w-full min-w-0 flex-col agent-turn\"><div class=\"flex-col gap-1 md:gap-3\"><div class=\"flex max-w-full flex-col flex-grow\"><div class=\"min-h-[20px] text-message flex w-full flex-col items-end gap-2 whitespace-normal break-words [.text-message+&amp;]:mt-5\" dir=\"auto\" data-message-author-role=\"assistant\" data-message-id=\"8dfd70a9-8fbf-4c4f-a9f3-9a14d6ebc760\"><div class=\"flex w-full flex-col gap-1 empty:hidden first:pt-[3px]\"><div class=\"markdown prose w-full break-words dark:prose-invert dark\"><p>In response to the growing demand for our protective films, we invested in the construction of a new production plant, which we put into operation at the end of 2022. This plant is equipped with the most modern automatic production line in Central and Eastern Europe, which allows the production of films up to 2650 mm wide . The expansion also includes a capacity formatting center to meet the ever-increasing demands of our clients.<\/p><p>Policy of MT TAPES s.r.o. is based on a commitment to consistently provide customers with the highest standard of protective films and sufficient production capacity to meet their needs. We hold ISO 9001:2008 and 14001:2004 certifications, which confirm our emphasis on quality and an ecological approach to production.<\/p><\/div><\/div><\/div><\/div><\/div><\/div>\t\t\n\t<\/div>\n<\/div>\t\t<\/div>\n\t\t\t\t<\/div>\n\t\t            <\/div>\r\n        <\/div>\r\n                <div class=\"elementor-column elementor-col-50 elementor-top-column elementor-element elementor-element-b3b8693 pxl-col-none pxl-column-none\" data-id=\"b3b8693\" data-element_type=\"column\">\r\n        <div class=\"elementor-widget-wrap elementor-element-populated\">\r\n                     \r\n        \t\t<div class=\"elementor-element elementor-element-e0f1bac elementor-widget elementor-widget-pxl_image\" data-id=\"e0f1bac\" data-element_type=\"widget\" data-widget_type=\"pxl_image.default\">\n\t\t\t\t<div class=\"elementor-widget-container\">\n\t\t\t<div id=\"pxl_image-e0f1bac-7898\" class=\"pxl-image-single\" data-wow-delay=\"ms\" >\r\n    \r\n                        <div class=\"pxl-item--inner\">\r\n                                            <img decoding=\"async\" width=\"1040\" height=\"704\" src=\"https:\/\/www.mt-tapes.eu\/wp-content\/uploads\/2024\/09\/technologie_4-1.jpg\" class=\"no-lazyload attachment-full\" alt=\"\" \/>                                    <\/div>\r\n                \r\n    <\/div>\t\t<\/div>\n\t\t\t\t<\/div>\n\t\t            <\/div>\r\n        <\/div>\r\n        \t\t\t<\/div>\n\t\t<\/section>\n\t\t        <section class=\"elementor-section elementor-top-section elementor-element elementor-element-05725b6 elementor-section-boxed elementor-section-height-default elementor-section-height-default pxl-type-header-none pxl-row-scroll-none pxl-bg-color-none pxl-section-overlay-none\" data-id=\"05725b6\" data-element_type=\"section\">\n\n                \n                <div class=\"elementor-container elementor-column-gap-default\">\n                <div class=\"elementor-column elementor-col-100 elementor-top-column elementor-element elementor-element-744eac7 pxl-col-none pxl-column-none\" data-id=\"744eac7\" data-element_type=\"column\">\r\n        <div class=\"elementor-widget-wrap elementor-element-populated\">\r\n                     \r\n        \t\t<div class=\"elementor-element elementor-element-db2d4d0 elementor-widget elementor-widget-text_editor\" data-id=\"db2d4d0\" data-element_type=\"widget\" data-widget_type=\"text_editor.default\">\n\t\t\t\t<div class=\"elementor-widget-container\">\n\t\t\t<div class=\"pxl-text-editor\">\n\t<div class=\"pxl-item--inner\" data-wow-delay=\"ms\">\n\t\t<p>We work closely with our clients through technical assistance, both before using our products and after their delivery. We aim to provide a professional, fast and flexible service to always meet the needs of our customers to the maximum and ensure that every project is a success.<\/p>\t\t\n\t<\/div>\n<\/div>\t\t<\/div>\n\t\t\t\t<\/div>\n\t\t            <\/div>\r\n        <\/div>\r\n        \t\t\t<\/div>\n\t\t<\/section>\n\t\t        <section class=\"elementor-section elementor-top-section elementor-element elementor-element-1a7c49f elementor-section-boxed elementor-section-height-default elementor-section-height-default pxl-type-header-none pxl-row-scroll-none pxl-bg-color-none pxl-section-overlay-none\" data-id=\"1a7c49f\" data-element_type=\"section\" data-settings=\"{&quot;background_background&quot;:&quot;classic&quot;}\">\n\n                \n                <div class=\"elementor-container elementor-column-gap-default\">\n                <div class=\"elementor-column elementor-col-100 elementor-top-column elementor-element elementor-element-103df1a pxl-col-none pxl-column-none\" data-id=\"103df1a\" data-element_type=\"column\">\r\n        <div class=\"elementor-widget-wrap elementor-element-populated\">\r\n                     \r\n        \t\t<div class=\"elementor-element elementor-element-2c0de1b elementor-widget elementor-widget-heading\" data-id=\"2c0de1b\" data-element_type=\"widget\" data-widget_type=\"heading.default\">\n\t\t\t\t<div class=\"elementor-widget-container\">\n\t\t\t<div id=\"pxl-heading-2c0de1b-1735\" class=\"pxl-heading typewriter-color\">\n\t<div class=\"pxl-heading--inner\">\n\t\t\n\t\t\t\t\t<h3 class=\"pxl-item--title  highlight-default\" data-wow-delay=\"ms\">\n\t\t\t\tPerfectly mastered cutting-edge technology\t\t\n\t\t\t<\/h3>\n\t\t\n\t\t\t<\/div>\n<\/div>\t\t<\/div>\n\t\t\t\t<\/div>\n\t\t            <\/div>\r\n        <\/div>\r\n        \t\t\t<\/div>\n\t\t<\/section>\n\t\t        <section class=\"elementor-section elementor-top-section elementor-element elementor-element-fa0180c elementor-section-boxed elementor-section-height-default elementor-section-height-default pxl-type-header-none pxl-row-scroll-none pxl-bg-color-none pxl-section-overlay-none\" data-id=\"fa0180c\" data-element_type=\"section\" data-settings=\"{&quot;background_background&quot;:&quot;classic&quot;}\">\n\n                \n                <div class=\"elementor-container elementor-column-gap-default\">\n                <div class=\"elementor-column elementor-col-50 elementor-top-column elementor-element elementor-element-54bcdd0 pxl-col-none pxl-column-none\" data-id=\"54bcdd0\" data-element_type=\"column\">\r\n        <div class=\"elementor-widget-wrap elementor-element-populated\">\r\n                     \r\n        \t\t<div class=\"elementor-element elementor-element-8d9b0c1 elementor-widget elementor-widget-text_editor\" data-id=\"8d9b0c1\" data-element_type=\"widget\" data-widget_type=\"text_editor.default\">\n\t\t\t\t<div class=\"elementor-widget-container\">\n\t\t\t<div class=\"pxl-text-editor\">\n\t<div class=\"pxl-item--inner\" data-wow-delay=\"ms\">\n\t\t<p>In the production of our films, we use LDPE (low-density polyethylene) as a basic raw material, which is custom-made according to a proven recipe using modern extrusion technology. The key to successfully solving customer needs is the combination of the right type of adhesive and film, which ensures optimal surface protection and reliable performance of our products.<\/p>\t\t\n\t<\/div>\n<\/div>\t\t<\/div>\n\t\t\t\t<\/div>\n\t\t            <\/div>\r\n        <\/div>\r\n                <div class=\"elementor-column elementor-col-50 elementor-top-column elementor-element elementor-element-6a6a094 pxl-col-none pxl-column-none\" data-id=\"6a6a094\" data-element_type=\"column\">\r\n        <div class=\"elementor-widget-wrap elementor-element-populated\">\r\n                     \r\n        \t\t<div class=\"elementor-element elementor-element-7c47517 elementor-widget elementor-widget-pxl_image\" data-id=\"7c47517\" data-element_type=\"widget\" data-widget_type=\"pxl_image.default\">\n\t\t\t\t<div class=\"elementor-widget-container\">\n\t\t\t<div id=\"pxl_image-7c47517-3052\" class=\"pxl-image-single\" data-wow-delay=\"ms\" >\r\n    \r\n                        <div class=\"pxl-item--inner\">\r\n                                            <img loading=\"lazy\" decoding=\"async\" width=\"1680\" height=\"800\" src=\"https:\/\/www.mt-tapes.eu\/wp-content\/uploads\/2024\/09\/technologie_1.jpg\" class=\"no-lazyload attachment-full\" alt=\"\" \/>                                    <\/div>\r\n                \r\n    <\/div>\t\t<\/div>\n\t\t\t\t<\/div>\n\t\t            <\/div>\r\n        <\/div>\r\n        \t\t\t<\/div>\n\t\t<\/section>\n\t\t        <section class=\"elementor-section elementor-top-section elementor-element elementor-element-e8cae83 elementor-section-boxed elementor-section-height-default elementor-section-height-default pxl-type-header-none pxl-row-scroll-none pxl-bg-color-none pxl-section-overlay-none\" data-id=\"e8cae83\" data-element_type=\"section\" data-settings=\"{&quot;background_background&quot;:&quot;classic&quot;}\">\n\n                \n                <div class=\"elementor-container elementor-column-gap-default\">\n                <div class=\"elementor-column elementor-col-50 elementor-top-column elementor-element elementor-element-2959636 pxl-col-none pxl-column-none\" data-id=\"2959636\" data-element_type=\"column\">\r\n        <div class=\"elementor-widget-wrap elementor-element-populated\">\r\n                     \r\n        \t\t<div class=\"elementor-element elementor-element-b606b70 elementor-widget elementor-widget-pxl_image\" data-id=\"b606b70\" data-element_type=\"widget\" data-widget_type=\"pxl_image.default\">\n\t\t\t\t<div class=\"elementor-widget-container\">\n\t\t\t<div id=\"pxl_image-b606b70-9645\" class=\"pxl-image-single\" data-wow-delay=\"ms\" >\r\n    \r\n                        <div class=\"pxl-item--inner\">\r\n                                            <img loading=\"lazy\" decoding=\"async\" width=\"780\" height=\"800\" src=\"https:\/\/www.mt-tapes.eu\/wp-content\/uploads\/2024\/09\/technologie_2.jpg\" class=\"no-lazyload attachment-full\" alt=\"\" \/>                                    <\/div>\r\n                \r\n    <\/div>\t\t<\/div>\n\t\t\t\t<\/div>\n\t\t            <\/div>\r\n        <\/div>\r\n                <div class=\"elementor-column elementor-col-50 elementor-top-column elementor-element elementor-element-598d558 pxl-col-none pxl-column-none\" data-id=\"598d558\" data-element_type=\"column\">\r\n        <div class=\"elementor-widget-wrap elementor-element-populated\">\r\n                     \r\n        \t\t<div class=\"elementor-element elementor-element-d537b06 elementor-widget elementor-widget-text_editor\" data-id=\"d537b06\" data-element_type=\"widget\" data-widget_type=\"text_editor.default\">\n\t\t\t\t<div class=\"elementor-widget-container\">\n\t\t\t<div class=\"pxl-text-editor\">\n\t<div class=\"pxl-item--inner\" data-wow-delay=\"ms\">\n\t\t<p>Thanks to this, today we offer several dozen types of protective films that cover the vast majority of our customers' needs. If one of our existing products does not offer an ideal solution, we are ready to develop a tailor-made product based on our experience and cooperation with suppliers of key components.<\/p><p>We supply our customers with protective self-adhesive films with an adhesive layer based on acrylic dispersion or natural rubber. We also offer foils printed and laminated according to specific customer requirements, while our laminated foils guarantee 100% abrasion resistance and increased protection against UV radiation. We format the films according to the customer's needs - we offer different widths and lengths of rolls, while we produce protective films with a width of up to 2650 mm.<\/p>\t\t\n\t<\/div>\n<\/div>\t\t<\/div>\n\t\t\t\t<\/div>\n\t\t            <\/div>\r\n        <\/div>\r\n        \t\t\t<\/div>\n\t\t<\/section>\n\t\t        <section class=\"elementor-section elementor-top-section elementor-element elementor-element-c8397d7 elementor-section-boxed elementor-section-height-default elementor-section-height-default pxl-type-header-none pxl-row-scroll-none pxl-bg-color-none pxl-section-overlay-none\" data-id=\"c8397d7\" data-element_type=\"section\">\n\n                \n                <div class=\"elementor-container elementor-column-gap-default\">\n                <div class=\"elementor-column elementor-col-100 elementor-top-column elementor-element elementor-element-5df6036 pxl-col-none pxl-column-none\" data-id=\"5df6036\" data-element_type=\"column\">\r\n        <div class=\"elementor-widget-wrap elementor-element-populated\">\r\n                     \r\n        \t\t<div class=\"elementor-element elementor-element-3d22857 elementor-widget elementor-widget-heading\" data-id=\"3d22857\" data-element_type=\"widget\" data-widget_type=\"heading.default\">\n\t\t\t\t<div class=\"elementor-widget-container\">\n\t\t\t<div id=\"pxl-heading-3d22857-2322\" class=\"pxl-heading typewriter-color\">\n\t<div class=\"pxl-heading--inner\">\n\t\t\n\t\t\t\t\t<h3 class=\"pxl-item--title  highlight-default\" data-wow-delay=\"ms\">\n\t\t\t\tWe export almost all over the world\t\t\n\t\t\t<\/h3>\n\t\t\n\t\t\t<\/div>\n<\/div>\t\t<\/div>\n\t\t\t\t<\/div>\n\t\t\t\t<div class=\"elementor-element elementor-element-088ebac elementor-widget elementor-widget-pxl_image\" data-id=\"088ebac\" data-element_type=\"widget\" data-widget_type=\"pxl_image.default\">\n\t\t\t\t<div class=\"elementor-widget-container\">\n\t\t\t<div id=\"pxl_image-088ebac-5570\" class=\"pxl-image-single\" data-wow-delay=\"ms\" >\r\n    \r\n                        <div class=\"pxl-item--inner\">\r\n                                            <img loading=\"lazy\" decoding=\"async\" width=\"1260\" height=\"621\" src=\"https:\/\/www.mt-tapes.eu\/wp-content\/uploads\/2024\/09\/mapa.png\" class=\"no-lazyload attachment-full\" alt=\"\" \/>                                    <\/div>\r\n                \r\n    <\/div>\t\t<\/div>\n\t\t\t\t<\/div>\n\t\t            <\/div>\r\n        <\/div>\r\n        \t\t\t<\/div>\n\t\t<\/section>\n\t\t\t\t<\/div>","protected":false},"excerpt":{"rendered":"<p>Jsme specializovan\u00fd v\u00fdrobce samolepic\u00edch ochrann\u00fdch f\u00f3li\u00ed, kter\u00e9 slou\u017e\u00ed k ochran\u011b povrch\u016f b\u011bhem manipulace, skladov\u00e1n\u00ed a instalace. Na\u0161e v\u00fdrobn\u00ed z\u00e1vody se nach\u00e1zej\u00ed v \u0160umperku, v \u010cesk\u00e9 republice, kde jsme v roce 2005 zah\u00e1jili vlastn\u00ed v\u00fdrobu. Od t\u00e9 doby jsme si vybudovali siln\u00e9 postaven\u00ed na trhu ochrann\u00fdch f\u00f3li\u00ed ve st\u0159edn\u00ed a v\u00fdchodn\u00ed Evrop\u011b. D\u00edky na\u0161emu zam\u011b\u0159en\u00ed v\u00fdhradn\u011b [&hellip;]<\/p>","protected":false},"author":1,"featured_media":0,"parent":0,"menu_order":0,"comment_status":"closed","ping_status":"closed","template":"","meta":{"footnotes":""},"class_list":["post-5","page","type-page","status-publish","hentry"],"_links":{"self":[{"href":"https:\/\/www.mt-tapes.eu\/en\/wp-json\/wp\/v2\/pages\/5"}],"collection":[{"href":"https:\/\/www.mt-tapes.eu\/en\/wp-json\/wp\/v2\/pages"}],"about":[{"href":"https:\/\/www.mt-tapes.eu\/en\/wp-json\/wp\/v2\/types\/page"}],"author":[{"embeddable":true,"href":"https:\/\/www.mt-tapes.eu\/en\/wp-json\/wp\/v2\/users\/1"}],"replies":[{"embeddable":true,"href":"https:\/\/www.mt-tapes.eu\/en\/wp-json\/wp\/v2\/comments?post=5"}],"version-history":[{"count":16,"href":"https:\/\/www.mt-tapes.eu\/en\/wp-json\/wp\/v2\/pages\/5\/revisions"}],"predecessor-version":[{"id":256,"href":"https:\/\/www.mt-tapes.eu\/en\/wp-json\/wp\/v2\/pages\/5\/revisions\/256"}],"wp:attachment":[{"href":"https:\/\/www.mt-tapes.eu\/en\/wp-json\/wp\/v2\/media?parent=5"}],"curies":[{"name":"wp","href":"https:\/\/api.w.org\/{rel}","templated":true}]}}